{"id":102,"date":"2020-11-12T00:30:19","date_gmt":"2020-11-11T23:30:19","guid":{"rendered":"http:\/\/pepasbagrem.cz\/wp\/?page_id=102"},"modified":"2025-11-11T18:14:35","modified_gmt":"2025-11-11T17:14:35","slug":"kontejnery","status":"publish","type":"page","link":"https:\/\/pepasbagrem.cz\/wp\/stroje-a-vybaveni\/kontejnery\/","title":{"rendered":"Kontejnery"},"content":{"rendered":"\n<p class=\"has-medium-font-size\"><strong>Druhy kontejner\u016f<\/strong><\/p>\n\n\n\n<div class=\"is-layout-flex wp-container-3 wp-block-columns\">\n<div class=\"is-layout-flow wp-block-column\">\n<p class=\"has-small-font-size\">N\u00edzk\u00fd kontejner&nbsp; 3 m<sup>3<\/sup><\/p>\n<\/div>\n\n\n\n<div class=\"is-layout-flow wp-block-column\"><div class=\"wp-block-image\">\n<figure class=\"alignright size-large\"><img decoding=\"async\" src=\"http:\/\/pepasbagrem.cz\/wp\/wp-content\/uploads\/2020\/11\/kontejner_nizky.png\" alt=\"\"\/><\/figure><\/div><\/div>\n<\/div>\n\n\n\n<div class=\"is-layout-flex wp-container-6 wp-block-columns\">\n<div class=\"is-layout-flow wp-block-column\">\n<p class=\"has-small-font-size\">Chodn\u00edkov\u00fd \u00fazk\u00fd kontejner&nbsp; &nbsp;3 m<sup>3<\/sup><\/p>\n<\/div>\n\n\n\n<div class=\"is-layout-flow wp-block-column\"><div class=\"wp-block-image\">\n<figure class=\"alignright size-large\"><img decoding=\"async\" src=\"http:\/\/pepasbagrem.cz\/wp\/wp-content\/uploads\/2020\/11\/kontejner_chodnikovy.png\" alt=\"\"\/><\/figure><\/div><\/div>\n<\/div>\n\n\n\n<div class=\"is-layout-flex wp-container-9 wp-block-columns\">\n<div class=\"is-layout-flow wp-block-column\">\n<p class=\"has-small-font-size\">Velkoobjemov\u00fd kontejner&nbsp; 11 m<sup>3<\/sup><\/p>\n<\/div>\n\n\n\n<div class=\"is-layout-flow wp-block-column\"><div class=\"wp-block-image\">\n<figure class=\"alignright size-large\"><img decoding=\"async\" src=\"http:\/\/pepasbagrem.cz\/wp\/wp-content\/uploads\/2020\/11\/kontejner_vobjemovy-1024x682.jpg\" alt=\"\"\/><\/figure><\/div><\/div>\n<\/div>\n","protected":false},"excerpt":{"rendered":"<p>Druhy kontejner\u016f N\u00edzk\u00fd kontejner&nbsp; 3 m3 Chodn\u00edkov\u00fd \u00fazk\u00fd kontejner&nbsp; &nbsp;3 m3 Velkoobjemov\u00fd kontejner&nbsp; 11 m3<\/p>\n","protected":false},"author":1,"featured_media":0,"parent":79,"menu_order":5,"comment_status":"closed","ping_status":"closed","template":"","meta":{"ngg_post_thumbnail":0},"_links":{"self":[{"href":"https:\/\/pepasbagrem.cz\/wp\/wp-json\/wp\/v2\/pages\/102"}],"collection":[{"href":"https:\/\/pepasbagrem.cz\/wp\/wp-json\/wp\/v2\/pages"}],"about":[{"href":"https:\/\/pepasbagrem.cz\/wp\/wp-json\/wp\/v2\/types\/page"}],"author":[{"embeddable":true,"href":"https:\/\/pepasbagrem.cz\/wp\/wp-json\/wp\/v2\/users\/1"}],"replies":[{"embeddable":true,"href":"https:\/\/pepasbagrem.cz\/wp\/wp-json\/wp\/v2\/comments?post=102"}],"version-history":[{"count":9,"href":"https:\/\/pepasbagrem.cz\/wp\/wp-json\/wp\/v2\/pages\/102\/revisions"}],"predecessor-version":[{"id":578,"href":"https:\/\/pepasbagrem.cz\/wp\/wp-json\/wp\/v2\/pages\/102\/revisions\/578"}],"up":[{"embeddable":true,"href":"https:\/\/pepasbagrem.cz\/wp\/wp-json\/wp\/v2\/pages\/79"}],"wp:attachment":[{"href":"https:\/\/pepasbagrem.cz\/wp\/wp-json\/wp\/v2\/media?parent=102"}],"curies":[{"name":"wp","href":"https:\/\/api.w.org\/{rel}","templated":true}]}}